{"id":24,"date":"2016-06-25T21:55:20","date_gmt":"2016-06-25T20:55:20","guid":{"rendered":"http:\/\/sophie-et-francois.love\/?page_id=24"},"modified":"2016-07-30T17:06:33","modified_gmt":"2016-07-30T16:06:33","slug":"lieux","status":"publish","type":"page","link":"https:\/\/sophie-et-francois.love\/index.php\/lieux\/","title":{"rendered":"Lieux"},"content":{"rendered":"<p><span style=\"color: #f752a2;\"><strong>Mairie<\/strong> : Ces deux jours de festivit\u00e9s commenceront d\u00e8s 14H15 le samedi 29 juillet 2017 \u00e0 la Mairie de Fressancourt (02800), 1 grande rue. [Village d&rsquo;enfance de Sophie !]<\/span><\/p>\n<p><span style=\"color: #f752a2;\"><img loading=\"lazy\" class=\"aligncenter wp-image-25 size-medium\" src=\"http:\/\/sophie-et-francois.love\/wp-content\/uploads\/2016\/06\/mairie_fressancourt-300x270.jpg\" alt=\"mairie_fressancourt\" width=\"300\" height=\"270\" srcset=\"https:\/\/sophie-et-francois.love\/wp-content\/uploads\/2016\/06\/mairie_fressancourt-300x270.jpg 300w, https:\/\/sophie-et-francois.love\/wp-content\/uploads\/2016\/06\/mairie_fressancourt.jpg 624w\" sizes=\"(max-width: 300px) 100vw, 300px\" \/><\/span><\/p>\n<p><span style=\"color: #f752a2;\"><strong>Eglise :<\/strong> Ils se poursuivront \u00e0 15H00 \u00e0 l&rsquo;Eglise de Charmes (02800), Rue des Bourgmestres d&rsquo;Anhee de Warnantd&rsquo;yvoir, pour une c\u00e9r\u00e9monie \u0153cum\u00e9nique (catholique &amp; protestante).<\/span><\/p>\n<p><span style=\"color: #f752a2;\">[Entre la Mairie et l&rsquo;Eglise, le long de la nationale, sur votre droite, vous pourrez apercevoir le lieu de la r\u00e9ception &#8230; psst &#8230; n&rsquo;y allez pas tout de suite, le vin d&rsquo;honneur ne sera servi qu&rsquo;apr\u00e8s la c\u00e9r\u00e9monie \u00e0 l&rsquo;Eglise ! \ud83d\ude09 ].<\/span><\/p>\n<p><span style=\"color: #f752a2;\"><img loading=\"lazy\" class=\"alignnone size-medium wp-image-32 aligncenter\" src=\"http:\/\/sophie-et-francois.love\/wp-content\/uploads\/2016\/06\/eglise_de_charmes-300x225.jpg\" alt=\"eglise_de_charmes\" width=\"300\" height=\"225\" srcset=\"https:\/\/sophie-et-francois.love\/wp-content\/uploads\/2016\/06\/eglise_de_charmes-300x225.jpg 300w, https:\/\/sophie-et-francois.love\/wp-content\/uploads\/2016\/06\/eglise_de_charmes-768x576.jpg 768w, https:\/\/sophie-et-francois.love\/wp-content\/uploads\/2016\/06\/eglise_de_charmes.jpg 1000w\" sizes=\"(max-width: 300px) 100vw, 300px\" \/><\/span><\/p>\n<p><span style=\"color: #f752a2;\"><strong>Le Ch\u00e2teau :<\/strong> Apr\u00e8s la c\u00e9r\u00e9monie \u00e0 l&rsquo;Eglise, retrouvez-nous pour boire un verre tous ensemble et f\u00eater notre mariage ! Rendez-vous donc vers 16H00, au Domaine du Mont-Rouge, route nationale 44, 02800 Rog\u00e9court.<\/span><\/p>\n<p><span style=\"color: #f752a2;\">Un petit avant go\u00fbt du lieu de r\u00e9ception :<\/span><\/p>\n<p><span style=\"color: #f752a2;\"><img loading=\"lazy\" class=\"alignnone wp-image-42\" src=\"http:\/\/sophie-et-francois.love\/wp-content\/uploads\/2016\/06\/Domaine_mont_rouge_03-300x179.jpg\" alt=\"Domaine_mont_rouge_03\" width=\"238\" height=\"142\" srcset=\"https:\/\/sophie-et-francois.love\/wp-content\/uploads\/2016\/06\/Domaine_mont_rouge_03-300x179.jpg 300w, https:\/\/sophie-et-francois.love\/wp-content\/uploads\/2016\/06\/Domaine_mont_rouge_03-768x457.jpg 768w, https:\/\/sophie-et-francois.love\/wp-content\/uploads\/2016\/06\/Domaine_mont_rouge_03-1024x610.jpg 1024w, https:\/\/sophie-et-francois.love\/wp-content\/uploads\/2016\/06\/Domaine_mont_rouge_03.jpg 1060w\" sizes=\"(max-width: 238px) 100vw, 238px\" \/>\u00a0\u00a0<img loading=\"lazy\" class=\"alignnone wp-image-35\" src=\"http:\/\/sophie-et-francois.love\/wp-content\/uploads\/2016\/06\/Domaine_mont_rouge_01-300x218.jpg\" alt=\"Domaine_mont_rouge_01\" width=\"195\" height=\"142\" srcset=\"https:\/\/sophie-et-francois.love\/wp-content\/uploads\/2016\/06\/Domaine_mont_rouge_01-300x218.jpg 300w, https:\/\/sophie-et-francois.love\/wp-content\/uploads\/2016\/06\/Domaine_mont_rouge_01-768x559.jpg 768w, https:\/\/sophie-et-francois.love\/wp-content\/uploads\/2016\/06\/Domaine_mont_rouge_01-1024x745.jpg 1024w, https:\/\/sophie-et-francois.love\/wp-content\/uploads\/2016\/06\/Domaine_mont_rouge_01.jpg 1234w\" sizes=\"(max-width: 195px) 100vw, 195px\" \/>\u00a0 <img loading=\"lazy\" class=\"alignnone wp-image-37\" src=\"http:\/\/sophie-et-francois.love\/wp-content\/uploads\/2016\/06\/Domaine_mont_rouge_02-300x225.jpg\" alt=\"Domaine_mont_rouge_02\" width=\"189\" height=\"142\" srcset=\"https:\/\/sophie-et-francois.love\/wp-content\/uploads\/2016\/06\/Domaine_mont_rouge_02-300x225.jpg 300w, https:\/\/sophie-et-francois.love\/wp-content\/uploads\/2016\/06\/Domaine_mont_rouge_02-768x576.jpg 768w, https:\/\/sophie-et-francois.love\/wp-content\/uploads\/2016\/06\/Domaine_mont_rouge_02.jpg 1024w\" sizes=\"(max-width: 189px) 100vw, 189px\" \/><\/span><\/p>\n<p><span style=\"color: #f752a2;\">Le domaine comporte une salle de jeux g\u00e9ante pour les petits comme les grands (surtout pour les grands en faite&#8230;) de 500m\u00b2!<\/span><\/p>\n<p>&nbsp;<\/p>\n","protected":false},"excerpt":{"rendered":"<p>Mairie : Ces deux jours de festivit\u00e9s commenceront d\u00e8s 14H15 le samedi 29 juillet 2017 \u00e0 la Mairie de Fressancourt (02800), 1 grande rue. [Village d&rsquo;enfance de Sophie !] Eglise : Ils se poursuivront \u00e0 15H00 \u00e0 l&rsquo;Eglise de Charmes &hellip; <a href=\"https:\/\/sophie-et-francois.love\/index.php\/lieux\/\">Continuer la lecture <span class=\"meta-nav\">&rarr;<\/span><\/a><\/p>\n","protected":false},"author":1,"featured_media":0,"parent":0,"menu_order":0,"comment_status":"closed","ping_status":"closed","template":"","meta":[],"_links":{"self":[{"href":"https:\/\/sophie-et-francois.love\/index.php\/wp-json\/wp\/v2\/pages\/24"}],"collection":[{"href":"https:\/\/sophie-et-francois.love\/index.php\/wp-json\/wp\/v2\/pages"}],"about":[{"href":"https:\/\/sophie-et-francois.love\/index.php\/wp-json\/wp\/v2\/types\/page"}],"author":[{"embeddable":true,"href":"https:\/\/sophie-et-francois.love\/index.php\/wp-json\/wp\/v2\/users\/1"}],"replies":[{"embeddable":true,"href":"https:\/\/sophie-et-francois.love\/index.php\/wp-json\/wp\/v2\/comments?post=24"}],"version-history":[{"count":29,"href":"https:\/\/sophie-et-francois.love\/index.php\/wp-json\/wp\/v2\/pages\/24\/revisions"}],"predecessor-version":[{"id":133,"href":"https:\/\/sophie-et-francois.love\/index.php\/wp-json\/wp\/v2\/pages\/24\/revisions\/133"}],"wp:attachment":[{"href":"https:\/\/sophie-et-francois.love\/index.php\/wp-json\/wp\/v2\/media?parent=24"}],"curies":[{"name":"wp","href":"https:\/\/api.w.org\/{rel}","templated":true}]}}